{"id":1017,"date":"2023-05-24T11:44:39","date_gmt":"2023-05-24T17:44:39","guid":{"rendered":"https:\/\/democedyc.campeche.gob.mx\/?page_id=1017"},"modified":"2023-05-25T12:13:07","modified_gmt":"2023-05-25T18:13:07","slug":"1017-2","status":"publish","type":"page","link":"https:\/\/cedyc.campeche.gob.mx\/?page_id=1017","title":{"rendered":"mision_vision"},"content":{"rendered":"<p>[et_pb_section fb_built=\u00bb1&#8243; admin_label=\u00bbAbout\u00bb _builder_version=\u00bb4.19.1&#8243; _module_preset=\u00bbdefault\u00bb collapsed=\u00bbon\u00bb global_colors_info=\u00bb{}\u00bb][et_pb_row column_structure=\u00bb1_2,1_2&#8243; _builder_version=\u00bb4.19.1&#8243; _module_preset=\u00bbdefault\u00bb global_colors_info=\u00bb{}\u00bb][et_pb_column type=\u00bb1_2&#8243; _builder_version=\u00bb4.19.1&#8243; _module_preset=\u00bbdefault\u00bb global_colors_info=\u00bb{}\u00bb][et_pb_image src=\u00bbhttps:\/\/democedyc.campeche.gob.mx\/wp-content\/uploads\/2023\/05\/Gabinete\/curriculum\/img_mision.jpg\u00bb title_text=\u00bbimg_mision\u00bb _builder_version=\u00bb4.19.2&#8243; _module_preset=\u00bbdefault\u00bb hover_enabled=\u00bb0&#8243; global_colors_info=\u00bb{}\u00bb sticky_enabled=\u00bb0&#8243;][\/et_pb_image][\/et_pb_column][et_pb_column type=\u00bb1_2&#8243; _builder_version=\u00bb4.19.1&#8243; _module_preset=\u00bbdefault\u00bb global_colors_info=\u00bb{}\u00bb][et_pb_text _builder_version=\u00bb4.19.2&#8243; _module_preset=\u00bb1a5c27f6-31ff-4fb2-9736-8c3bdadb1ed3&#8243; hover_enabled=\u00bb0&#8243; global_colors_info=\u00bb{}\u00bb sticky_enabled=\u00bb0&#8243;]<\/p>\n<h2><span style=\"color: #91293a;\">Misi\u00f3n y visi\u00f3n<\/span><\/h2>\n<p>[\/et_pb_text][et_pb_text _builder_version=\u00bb4.19.2&#8243; _module_preset=\u00bba2a50890-f85d-46e7-b190-d5d466baef26&#8243; global_colors_info=\u00bb{}\u00bb]<\/p>\n<p>Agilizar los procesos y actividades del gobierno con el fin de optimizar el uso de los recursos p\u00fablicos para lograr los resultados esperados de la pol\u00edtica p\u00fablica por la sociedad a trav\u00e9s de la mejora continua de la gesti\u00f3n p\u00fablica.<\/p>\n<p>Implementar una estrategia de interoperabilidad y conectividad que fomente el uso eficiente de la infraestructura existente.<\/p>\n<p>[\/et_pb_text][\/et_pb_column][\/et_pb_row][\/et_pb_section]<\/p>\n","protected":false},"excerpt":{"rendered":"<p>Misi\u00f3n y visi\u00f3nAgilizar los procesos y actividades del gobierno con el fin de optimizar el uso de los recursos p\u00fablicos para lograr los resultados esperados de la pol\u00edtica p\u00fablica por la sociedad a trav\u00e9s de la mejora continua de la gesti\u00f3n p\u00fablica. Implementar una estrategia de interoperabilidad y conectividad que fomente el uso eficiente de [&hellip;]<\/p>\n","protected":false},"author":1,"featured_media":0,"parent":0,"menu_order":0,"comment_status":"closed","ping_status":"closed","template":"","meta":{"_et_pb_use_builder":"on","_et_pb_old_content":"","_et_gb_content_width":"","inline_featured_image":false,"footnotes":""},"acf":[],"_links":{"self":[{"href":"https:\/\/cedyc.campeche.gob.mx\/index.php?rest_route=\/wp\/v2\/pages\/1017"}],"collection":[{"href":"https:\/\/cedyc.campeche.gob.mx\/index.php?rest_route=\/wp\/v2\/pages"}],"about":[{"href":"https:\/\/cedyc.campeche.gob.mx\/index.php?rest_route=\/wp\/v2\/types\/page"}],"author":[{"embeddable":true,"href":"https:\/\/cedyc.campeche.gob.mx\/index.php?rest_route=\/wp\/v2\/users\/1"}],"replies":[{"embeddable":true,"href":"https:\/\/cedyc.campeche.gob.mx\/index.php?rest_route=%2Fwp%2Fv2%2Fcomments&post=1017"}],"version-history":[{"count":4,"href":"https:\/\/cedyc.campeche.gob.mx\/index.php?rest_route=\/wp\/v2\/pages\/1017\/revisions"}],"predecessor-version":[{"id":1121,"href":"https:\/\/cedyc.campeche.gob.mx\/index.php?rest_route=\/wp\/v2\/pages\/1017\/revisions\/1121"}],"wp:attachment":[{"href":"https:\/\/cedyc.campeche.gob.mx\/index.php?rest_route=%2Fwp%2Fv2%2Fmedia&parent=1017"}],"curies":[{"name":"wp","href":"https:\/\/api.w.org\/{rel}","templated":true}]}}