{"id":1032,"date":"2023-05-24T11:48:55","date_gmt":"2023-05-24T17:48:55","guid":{"rendered":"https:\/\/democedyc.campeche.gob.mx\/?page_id=1032"},"modified":"2023-05-25T14:38:27","modified_gmt":"2023-05-25T20:38:27","slug":"valores","status":"publish","type":"page","link":"https:\/\/cedyc.campeche.gob.mx\/?page_id=1032","title":{"rendered":"Valores"},"content":{"rendered":"<p>[et_pb_section fb_built=\u00bb1&#8243; admin_label=\u00bbAbout\u00bb _builder_version=\u00bb4.19.1&#8243; _module_preset=\u00bbdefault\u00bb collapsed=\u00bbon\u00bb global_colors_info=\u00bb{}\u00bb][et_pb_row column_structure=\u00bb1_2,1_2&#8243; _builder_version=\u00bb4.19.1&#8243; _module_preset=\u00bbdefault\u00bb global_colors_info=\u00bb{}\u00bb][et_pb_column type=\u00bb1_2&#8243; _builder_version=\u00bb4.19.1&#8243; _module_preset=\u00bbdefault\u00bb global_colors_info=\u00bb{}\u00bb][et_pb_image src=\u00bbhttps:\/\/democedyc.campeche.gob.mx\/wp-content\/uploads\/2023\/05\/Gabinete\/curriculum\/img_valores.jpg\u00bb title_text=\u00bbimg_valores\u00bb _builder_version=\u00bb4.19.2&#8243; _module_preset=\u00bbdefault\u00bb hover_enabled=\u00bb0&#8243; global_colors_info=\u00bb{}\u00bb sticky_enabled=\u00bb0&#8243;][\/et_pb_image][\/et_pb_column][et_pb_column type=\u00bb1_2&#8243; _builder_version=\u00bb4.19.1&#8243; _module_preset=\u00bbdefault\u00bb global_colors_info=\u00bb{}\u00bb][et_pb_text _builder_version=\u00bb4.19.2&#8243; _module_preset=\u00bb1a5c27f6-31ff-4fb2-9736-8c3bdadb1ed3&#8243; hover_enabled=\u00bb0&#8243; global_colors_info=\u00bb{}\u00bb text_text_color=\u00bb#91293a\u00bb sticky_enabled=\u00bb0&#8243;]<\/p>\n<h2><span style=\"color: #91293a;\">Valores<\/span><\/h2>\n<p>[\/et_pb_text][et_pb_text _builder_version=\u00bb4.19.2&#8243; _module_preset=\u00bba2a50890-f85d-46e7-b190-d5d466baef26&#8243; global_colors_info=\u00bb{}\u00bb]<\/p>\n<ul>\n<li>Inter\u00e9s p\u00fablico.<\/li>\n<li>Respeto.<\/li>\n<li>Respeto a los derechos humanos.<\/li>\n<li>Igualdad y no discriminaci\u00f3n.<\/li>\n<li>Equidad de g\u00e9nero.<\/li>\n<li>Entorno cultural y ecol\u00f3gico.<\/li>\n<li>Cooperaci\u00f3n y liderazgo.<\/li>\n<\/ul>\n<p>[\/et_pb_text][\/et_pb_column][\/et_pb_row][\/et_pb_section]<\/p>\n","protected":false},"excerpt":{"rendered":"<p>Valores Inter\u00e9s p\u00fablico. Respeto. Respeto a los derechos humanos. Igualdad y no discriminaci\u00f3n. Equidad de g\u00e9nero. Entorno cultural y ecol\u00f3gico. Cooperaci\u00f3n y liderazgo.<\/p>\n","protected":false},"author":1,"featured_media":0,"parent":0,"menu_order":0,"comment_status":"closed","ping_status":"closed","template":"","meta":{"_et_pb_use_builder":"on","_et_pb_old_content":"","_et_gb_content_width":"","inline_featured_image":false,"footnotes":""},"acf":[],"_links":{"self":[{"href":"https:\/\/cedyc.campeche.gob.mx\/index.php?rest_route=\/wp\/v2\/pages\/1032"}],"collection":[{"href":"https:\/\/cedyc.campeche.gob.mx\/index.php?rest_route=\/wp\/v2\/pages"}],"about":[{"href":"https:\/\/cedyc.campeche.gob.mx\/index.php?rest_route=\/wp\/v2\/types\/page"}],"author":[{"embeddable":true,"href":"https:\/\/cedyc.campeche.gob.mx\/index.php?rest_route=\/wp\/v2\/users\/1"}],"replies":[{"embeddable":true,"href":"https:\/\/cedyc.campeche.gob.mx\/index.php?rest_route=%2Fwp%2Fv2%2Fcomments&post=1032"}],"version-history":[{"count":4,"href":"https:\/\/cedyc.campeche.gob.mx\/index.php?rest_route=\/wp\/v2\/pages\/1032\/revisions"}],"predecessor-version":[{"id":1169,"href":"https:\/\/cedyc.campeche.gob.mx\/index.php?rest_route=\/wp\/v2\/pages\/1032\/revisions\/1169"}],"wp:attachment":[{"href":"https:\/\/cedyc.campeche.gob.mx\/index.php?rest_route=%2Fwp%2Fv2%2Fmedia&parent=1032"}],"curies":[{"name":"wp","href":"https:\/\/api.w.org\/{rel}","templated":true}]}}